{"id":31281,"date":"2025-11-03T21:44:28","date_gmt":"2025-11-03T20:44:28","guid":{"rendered":"https:\/\/www.theblackcowshop.com\/?post_type=product&#038;p=31281"},"modified":"2026-04-14T13:39:52","modified_gmt":"2026-04-14T11:39:52","slug":"mini-chorizos-vegan-75g-la-vie","status":"publish","type":"product","link":"https:\/\/www.theblackcowshop.com\/nl\/product\/mini-chorizos-vegan-75g-la-vie\/","title":{"rendered":"Mini Chorizos Vegan 75g &#8211; LaVieFood"},"content":{"rendered":"<p><span style=\"text-decoration: underline\">Ingr\u00e9dients<\/span> : <span style=\"text-decoration: underline\"><strong>Gluten de BL\u00c9<\/strong><\/span>\u00a031% , graisse de coco, prot\u00e9ines textur\u00e9es (prot\u00e9ines de\u00a0<span style=\"text-decoration: underline\"><strong>BL\u00c9<\/strong><\/span>\u00a08,6%, prot\u00e9ines de pois), jus de citron concentr\u00e9, eau, ail, oignon, huile de colza, concentr\u00e9s (concentr\u00e9 de radis, concentr\u00e9 de pomme, concentr\u00e9 de cassis, concentr\u00e9 de carottes, concentr\u00e9 de carottes caram\u00e9lis\u00e9es), sel, extrait de levure, amidon de\u00a0<span style=\"text-decoration: underline\"><strong>BL\u00c9<\/strong><\/span>\u00a0, ar\u00f4me naturel, piment 1%, fibres d&rsquo;agrumes, \u00e9pices, fum\u00e9e de bois de h\u00eatre. Enveloppe comestible en alginate (stabilisant : chlorure de calcium)<\/p>\n<div class=\"nutrition-table\"><\/div>\n<p><strong><span style=\"text-decoration: underline\">Allerg\u00e8nes<\/span> : Contient du bl\u00e9, gluten.<\/strong><\/p>\n<p><em>\u00c0 conserver au r\u00e9frig\u00e9rateur entre 0\u00b0C et +4\u00b0C. \u00c0 consommer dans les 48h apr\u00e8s ouverture. Conditionn\u00e9 sous atmosph\u00e8re protectrice.\u00a0<\/em><\/p>\n<p><span class=\"label\" style=\"font-size: 16px\"><span style=\"text-decoration: underline\">Valeurs nutritionnelles pour 100g<\/span> :<br \/>\n<\/span><\/p>\n<div class=\"nutrition-table\">\n<div class=\"nutrition-line\"><span class=\"label\">Energie <\/span><span class=\"value\">367 kcal \/ 1532 KJ<\/span><\/div>\n<div class=\"nutrition-line\"><span class=\"label\">Mati\u00e8res grasses <\/span><span class=\"value\">20g<\/span><\/div>\n<div class=\"nutrition-line\"><span class=\"label\">dont satur\u00e9es <\/span><span class=\"value\">14.5g<\/span><\/div>\n<div class=\"nutrition-line\"><span class=\"label\">Glucides <\/span><span class=\"value\">9.2g<\/span><\/div>\n<div class=\"nutrition-line\"><span class=\"label\">dont sucres <\/span><span class=\"value\">3.9g<\/span><\/div>\n<div class=\"nutrition-line\"><span class=\"label\">Prot\u00e9ines <\/span><span class=\"value\">36g<\/span><\/div>\n<div class=\"nutrition-line\"><span class=\"label\">Sel <\/span><span class=\"value\">2.7g<\/span><\/div>\n<\/div>\n<p>Produit en France par La Vie Foods<\/p>","protected":false},"excerpt":{"rendered":"<p>Ingr\u00e9dients : Gluten de BL\u00c9\u00a031% , graisse de coco, prot\u00e9ines textur\u00e9es (prot\u00e9ines de\u00a0BL\u00c9\u00a08,6%, prot\u00e9ines de pois), jus de citron concentr\u00e9, eau, ail, oignon, huile de&#8230;<\/p>","protected":false},"featured_media":31279,"template":"","meta":{"_acf_changed":false},"etheme_brands":[{"term_id":489,"name":"La Vie Foods","slug":"la-vie-foods","term_group":0,"term_taxonomy_id":489,"taxonomy":"brand","description":"","parent":0,"count":16,"filter":"raw"}],"product_brand":[],"product_cat":[648,15,375],"product_tag":[],"class_list":{"0":"post-31281","1":"product","2":"type-product","3":"status-publish","4":"has-post-thumbnail","6":"brand-la-vie-foods","7":"product_cat-alternative-vegan-charcuterie","8":"product_cat-tout","9":"product_cat-alternative-vegan-viande-boucherie","11":"first","12":"instock","13":"taxable","14":"shipping-taxable","15":"purchasable","16":"product-type-simple"},"supplier_id":null,"supplier_sku":"","barcode":null,"atum_controlled":false,"out_stock_date":null,"out_stock_threshold":null,"inheritable":false,"inbound_stock":null,"stock_on_hold":0,"sold_today":0,"sales_last_days":0,"reserved_stock":null,"customer_returns":null,"warehouse_damage":null,"lost_in_post":null,"other_logs":null,"out_stock_days":0,"lost_sales":0,"has_location":null,"update_date":"2026-04-15T00:02:34","atum_locations":[],"atum_stock_status":"instock","restock_status":false,"low_stock_amount":"","sales_update_date":"2026-04-15T00:02:34","calc_backorders":null,"acf":[],"_links":{"self":[{"href":"https:\/\/www.theblackcowshop.com\/nl\/wp-json\/wp\/v2\/product\/31281","targetHints":{"allow":["GET"]}}],"collection":[{"href":"https:\/\/www.theblackcowshop.com\/nl\/wp-json\/wp\/v2\/product"}],"about":[{"href":"https:\/\/www.theblackcowshop.com\/nl\/wp-json\/wp\/v2\/types\/product"}],"version-history":[{"count":2,"href":"https:\/\/www.theblackcowshop.com\/nl\/wp-json\/wp\/v2\/product\/31281\/revisions"}],"predecessor-version":[{"id":32241,"href":"https:\/\/www.theblackcowshop.com\/nl\/wp-json\/wp\/v2\/product\/31281\/revisions\/32241"}],"wp:featuredmedia":[{"embeddable":true,"href":"https:\/\/www.theblackcowshop.com\/nl\/wp-json\/wp\/v2\/media\/31279"}],"wp:attachment":[{"href":"https:\/\/www.theblackcowshop.com\/nl\/wp-json\/wp\/v2\/media?parent=31281"}],"wp:term":[{"taxonomy":"brand","embeddable":true,"href":"https:\/\/www.theblackcowshop.com\/nl\/wp-json\/wp\/v2\/etheme_brands?post=31281"},{"taxonomy":"product_brand","embeddable":true,"href":"https:\/\/www.theblackcowshop.com\/nl\/wp-json\/wp\/v2\/product_brand?post=31281"},{"taxonomy":"product_cat","embeddable":true,"href":"https:\/\/www.theblackcowshop.com\/nl\/wp-json\/wp\/v2\/product_cat?post=31281"},{"taxonomy":"product_tag","embeddable":true,"href":"https:\/\/www.theblackcowshop.com\/nl\/wp-json\/wp\/v2\/product_tag?post=31281"}],"curies":[{"name":"wp","href":"https:\/\/api.w.org\/{rel}","templated":true}]}}