{"id":31325,"date":"2025-11-06T18:57:31","date_gmt":"2025-11-06T17:57:31","guid":{"rendered":"https:\/\/www.theblackcowshop.com\/?post_type=product&#038;p=31325"},"modified":"2026-03-22T20:19:46","modified_gmt":"2026-03-22T19:19:46","slug":"stick-style-chorizo-50g-bean-stalk","status":"publish","type":"product","link":"https:\/\/www.theblackcowshop.com\/nl\/product\/stick-style-chorizo-50g-bean-stalk\/","title":{"rendered":"Stick Style Chorizo 50g &#8211; Bean Stalk"},"content":{"rendered":"<p><span style=\"text-decoration: underline\">Ingr\u00e9dients<\/span> : Eau, prot\u00e9ine de <span style=\"text-decoration: underline\"><strong data-start=\"146\" data-end=\"154\">soja<\/strong><\/span>\u00a0textur\u00e9e (farine de\u00a0<span style=\"text-decoration: underline\"><strong data-start=\"175\" data-end=\"183\">soja<\/strong><\/span>\u00a0d\u00e9graiss\u00e9e (5,9 %), <span style=\"text-decoration: underline\"><strong>gluten de<\/strong>\u00a0<strong data-start=\"214\" data-end=\"221\">bl\u00e9<\/strong><\/span>, isolat de prot\u00e9ine de\u00a0<span style=\"text-decoration: underline\"><strong data-start=\"245\" data-end=\"253\" data-is-only-node=\"\">soja<\/strong><\/span>\u00a0(3,7 %), amidon de ma\u00efs) (14,8 %), <span style=\"text-decoration: underline\"><strong>gluten de\u00a0bl\u00e9<\/strong><\/span>, isolat de prot\u00e9ine de\u00a0<span style=\"text-decoration: underline\"><strong data-start=\"330\" data-end=\"338\">soja<\/strong><\/span>\u00a0(10,1 %), huile de\u00a0<span style=\"text-decoration: underline\"><strong data-start=\"358\" data-end=\"366\">soja<\/strong><\/span>\u00a0(8,9 %), concentr\u00e9 de prot\u00e9ine de\u00a0<span style=\"text-decoration: underline\"><strong data-start=\"401\" data-end=\"409\">soja<\/strong><\/span>\u00a0(6,6 %), sel, ail, et moins de 2 % de : paprika, \u00e9pices, extrait de levure, ar\u00f4mes, glucose, sucre, farine de konjac, amidon de ma\u00efs, t\u00e9gument de graine de psyllium, inuline, mirin, colorants (concentr\u00e9 de radis, rouge paprika), fer, ferment et vitamine B12.<\/p>\n<p><em><strong><span style=\"text-decoration: underline\">Allerg\u00e8nes<\/span> : Contient du bl\u00e9, gluten, soja. Peut contenir des traces de c\u00e9leri, de moutarde et de s\u00e9same.<\/strong><\/em><\/p>\n<p><em>\u00c0 conserver dans un endroit frais et sec.<\/em><\/p>\n<div class=\"nutrition-table\">\n<div class=\"nutrition-line\"><span class=\"label\"><span style=\"text-decoration: underline\">Valeurs nutritionnelles pour 100g<\/span> :<\/span><\/div>\n<div class=\"nutrition-line\"><span class=\"label\">Energie <\/span><span class=\"value\">289 kCal \/ 1211 kJ<\/span><\/div>\n<div class=\"nutrition-line\"><span class=\"label\">Mati\u00e8res grasses <\/span><span class=\"value\">11 g<\/span><\/div>\n<div class=\"nutrition-line\"><span class=\"label\">dont satur\u00e9es <\/span><span class=\"value\">2.3 g<\/span><\/div>\n<div class=\"nutrition-line\"><span class=\"label\">Glucides <\/span><span class=\"value\">9.1 g<\/span><\/div>\n<div class=\"nutrition-line\"><span class=\"label\">dont sucres <\/span><span class=\"value\">2.7 g<\/span><\/div>\n<div class=\"nutrition-line\"><span class=\"label\">Prot\u00e9ines <\/span><span class=\"value\">36 g<\/span><\/div>\n<div class=\"nutrition-line\"><span class=\"label\">Sel <\/span><span class=\"value\">3.2 g<\/span><\/div>\n<\/div>\n<div><\/div>\n<div>Produit en ESPAGNE par VEGETAL FOOD<\/div>","protected":false},"excerpt":{"rendered":"<p>Ingr\u00e9dients : Eau, prot\u00e9ine de soja\u00a0textur\u00e9e (farine de\u00a0soja\u00a0d\u00e9graiss\u00e9e (5,9 %), gluten de\u00a0bl\u00e9, isolat de prot\u00e9ine de\u00a0soja\u00a0(3,7 %), amidon de ma\u00efs) (14,8 %), gluten de\u00a0bl\u00e9, isolat&#8230;<\/p>","protected":false},"featured_media":31327,"template":"","meta":{"_acf_changed":false},"etheme_brands":[{"term_id":678,"name":"Bean Stalk","slug":"bean-stalk","term_group":0,"term_taxonomy_id":678,"taxonomy":"brand","description":"","parent":0,"count":2,"filter":"raw"}],"product_brand":[],"product_cat":[648,15,634,375],"product_tag":[],"class_list":{"0":"post-31325","1":"product","2":"type-product","3":"status-publish","4":"has-post-thumbnail","6":"brand-bean-stalk","7":"product_cat-alternative-vegan-charcuterie","8":"product_cat-tout","9":"product_cat-promotions","10":"product_cat-alternative-vegan-viande-boucherie","12":"first","13":"outofstock","14":"taxable","15":"shipping-taxable","16":"purchasable","17":"product-type-simple"},"supplier_id":null,"supplier_sku":"","barcode":null,"atum_controlled":false,"out_stock_date":null,"out_stock_threshold":null,"inheritable":false,"inbound_stock":null,"stock_on_hold":0,"sold_today":0,"sales_last_days":0,"reserved_stock":null,"customer_returns":null,"warehouse_damage":null,"lost_in_post":null,"other_logs":null,"out_stock_days":0,"lost_sales":0,"has_location":null,"update_date":"2026-04-19T00:05:26","atum_locations":[],"atum_stock_status":"outofstock","restock_status":false,"low_stock_amount":"","sales_update_date":"2026-04-19T00:05:26","calc_backorders":null,"acf":[],"_links":{"self":[{"href":"https:\/\/www.theblackcowshop.com\/nl\/wp-json\/wp\/v2\/product\/31325","targetHints":{"allow":["GET"]}}],"collection":[{"href":"https:\/\/www.theblackcowshop.com\/nl\/wp-json\/wp\/v2\/product"}],"about":[{"href":"https:\/\/www.theblackcowshop.com\/nl\/wp-json\/wp\/v2\/types\/product"}],"version-history":[{"count":4,"href":"https:\/\/www.theblackcowshop.com\/nl\/wp-json\/wp\/v2\/product\/31325\/revisions"}],"predecessor-version":[{"id":32607,"href":"https:\/\/www.theblackcowshop.com\/nl\/wp-json\/wp\/v2\/product\/31325\/revisions\/32607"}],"wp:featuredmedia":[{"embeddable":true,"href":"https:\/\/www.theblackcowshop.com\/nl\/wp-json\/wp\/v2\/media\/31327"}],"wp:attachment":[{"href":"https:\/\/www.theblackcowshop.com\/nl\/wp-json\/wp\/v2\/media?parent=31325"}],"wp:term":[{"taxonomy":"brand","embeddable":true,"href":"https:\/\/www.theblackcowshop.com\/nl\/wp-json\/wp\/v2\/etheme_brands?post=31325"},{"taxonomy":"product_brand","embeddable":true,"href":"https:\/\/www.theblackcowshop.com\/nl\/wp-json\/wp\/v2\/product_brand?post=31325"},{"taxonomy":"product_cat","embeddable":true,"href":"https:\/\/www.theblackcowshop.com\/nl\/wp-json\/wp\/v2\/product_cat?post=31325"},{"taxonomy":"product_tag","embeddable":true,"href":"https:\/\/www.theblackcowshop.com\/nl\/wp-json\/wp\/v2\/product_tag?post=31325"}],"curies":[{"name":"wp","href":"https:\/\/api.w.org\/{rel}","templated":true}]}}