{"id":31346,"date":"2025-11-06T19:36:35","date_gmt":"2025-11-06T18:36:35","guid":{"rendered":"https:\/\/www.theblackcowshop.com\/?post_type=product&#038;p=31346"},"modified":"2026-03-16T17:27:10","modified_gmt":"2026-03-16T16:27:10","slug":"barre-nougat-cacahuetes-50g-buttermilk","status":"publish","type":"product","link":"https:\/\/www.theblackcowshop.com\/nl\/product\/barre-nougat-cacahuetes-50g-buttermilk\/","title":{"rendered":"Barre Nougat-Cacahu\u00e8tes 50g &#8211; Buttermilk"},"content":{"rendered":"<p><span style=\"text-decoration: underline\">Ingr\u00e9dients<\/span> : Sucre, sirop de glucose,\u00a0<span style=\"text-decoration: underline\"><strong>cacahu\u00e8tes<\/strong><\/span>\u00a0(16 %), beurre de cacao, poudre de riz (sirop de riz d\u00e9shydrat\u00e9, amidon de riz, farine de riz), p\u00e2te de cacao, huile de coco, sirop dor\u00e9, sucre roux, sel marin, prot\u00e9ines de pois hydrolys\u00e9es, \u00e9mulsifiants : l\u00e9cithine de tournesol, l\u00e9cithine de colza, ar\u00f4mes naturels.<\/p>\n<p><em><strong><span style=\"text-decoration: underline\">Allerg\u00e8nes<\/span> : Contient des cacahu\u00e8tes, arachides, fruits \u00e0 coque. Peut contenir des traces de fruits \u00e0 coque.<\/strong><\/em><\/p>\n<p><em>\u00c0 conserver dans un endroit frais et sec.<\/em><\/p>\n<p><span style=\"text-decoration: underline\">Valeurs nutritionnelles pour 100g<\/span> :<\/p>\n<div class=\"valeurs-nutritionnelles\">Energie <span class=\"unite\">2033 kJ \/ 486 kcal<br \/>\n<\/span>Mati\u00e8res grasses <span class=\"unite\">25 g<\/span><\/div>\n<div class=\"valeurs-nutritionnelles\">\n<div class=\"dont\">dont acide gras satur\u00e9s <span class=\"unite\">12 g<br \/>\n<\/span>Glucides <span class=\"unite\">62 g<\/span><\/div>\n<\/div>\n<div class=\"valeurs-nutritionnelles\">\n<div class=\"dont\">dont sucres <span class=\"unite\">48 g<\/span><\/div>\n<\/div>\n<div class=\"valeurs-nutritionnelles\">Prot\u00e9ines <span class=\"unite\">5.4 g<\/span><\/div>\n<div class=\"valeurs-nutritionnelles\">Sel <span class=\"unite\">0.31 g<\/span><\/div>\n<div><\/div>\n<div>Produit en ANGLETERRE par BUTTERM!LK<\/div>","protected":false},"excerpt":{"rendered":"<p>Ingr\u00e9dients : Sucre, sirop de glucose,\u00a0cacahu\u00e8tes\u00a0(16 %), beurre de cacao, poudre de riz (sirop de riz d\u00e9shydrat\u00e9, amidon de riz, farine de riz), p\u00e2te de&#8230;<\/p>","protected":false},"featured_media":31347,"template":"","meta":{"_acf_changed":false},"etheme_brands":[{"term_id":460,"name":"Buttermilk","slug":"buttermilk","term_group":0,"term_taxonomy_id":460,"taxonomy":"brand","description":"","parent":0,"count":4,"filter":"raw"}],"product_brand":[],"product_cat":[711,15,372],"product_tag":[],"class_list":{"0":"post-31346","1":"product","2":"type-product","3":"status-publish","4":"has-post-thumbnail","6":"brand-buttermilk","7":"product_cat-barres-chocolatees-vegan","8":"product_cat-tout","9":"product_cat-epicerie-vegan","11":"first","12":"outofstock","13":"taxable","14":"shipping-taxable","15":"purchasable","16":"product-type-simple"},"supplier_id":null,"supplier_sku":"","barcode":null,"atum_controlled":false,"out_stock_date":null,"out_stock_threshold":null,"inheritable":false,"inbound_stock":null,"stock_on_hold":0,"sold_today":0,"sales_last_days":0,"reserved_stock":null,"customer_returns":null,"warehouse_damage":null,"lost_in_post":null,"other_logs":null,"out_stock_days":0,"lost_sales":0,"has_location":null,"update_date":"2026-04-04T00:31:10","atum_locations":[],"atum_stock_status":"outofstock","restock_status":false,"low_stock_amount":"","sales_update_date":"2026-04-04T00:31:10","calc_backorders":null,"acf":[],"_links":{"self":[{"href":"https:\/\/www.theblackcowshop.com\/nl\/wp-json\/wp\/v2\/product\/31346","targetHints":{"allow":["GET"]}}],"collection":[{"href":"https:\/\/www.theblackcowshop.com\/nl\/wp-json\/wp\/v2\/product"}],"about":[{"href":"https:\/\/www.theblackcowshop.com\/nl\/wp-json\/wp\/v2\/types\/product"}],"version-history":[{"count":4,"href":"https:\/\/www.theblackcowshop.com\/nl\/wp-json\/wp\/v2\/product\/31346\/revisions"}],"predecessor-version":[{"id":32331,"href":"https:\/\/www.theblackcowshop.com\/nl\/wp-json\/wp\/v2\/product\/31346\/revisions\/32331"}],"wp:featuredmedia":[{"embeddable":true,"href":"https:\/\/www.theblackcowshop.com\/nl\/wp-json\/wp\/v2\/media\/31347"}],"wp:attachment":[{"href":"https:\/\/www.theblackcowshop.com\/nl\/wp-json\/wp\/v2\/media?parent=31346"}],"wp:term":[{"taxonomy":"brand","embeddable":true,"href":"https:\/\/www.theblackcowshop.com\/nl\/wp-json\/wp\/v2\/etheme_brands?post=31346"},{"taxonomy":"product_brand","embeddable":true,"href":"https:\/\/www.theblackcowshop.com\/nl\/wp-json\/wp\/v2\/product_brand?post=31346"},{"taxonomy":"product_cat","embeddable":true,"href":"https:\/\/www.theblackcowshop.com\/nl\/wp-json\/wp\/v2\/product_cat?post=31346"},{"taxonomy":"product_tag","embeddable":true,"href":"https:\/\/www.theblackcowshop.com\/nl\/wp-json\/wp\/v2\/product_tag?post=31346"}],"curies":[{"name":"wp","href":"https:\/\/api.w.org\/{rel}","templated":true}]}}