{"id":31349,"date":"2025-11-06T19:42:00","date_gmt":"2025-11-06T18:42:00","guid":{"rendered":"https:\/\/www.theblackcowshop.com\/?post_type=product&#038;p=31349"},"modified":"2026-04-14T13:06:48","modified_gmt":"2026-04-14T11:06:48","slug":"barre-chocolatee-noix-de-coco-50g-buttermilk","status":"publish","type":"product","link":"https:\/\/www.theblackcowshop.com\/nl\/product\/barre-chocolatee-noix-de-coco-50g-buttermilk\/","title":{"rendered":"Barre Chocolat\u00e9e Noix de Coco 50g &#8211; Buttermilk"},"content":{"rendered":"<p><span style=\"text-decoration: underline\">Ingr\u00e9dients<\/span> : Sucre, noix de coco r\u00e2p\u00e9e 21 %, sirop de glucose, beurre de cacao, poudre de riz (sirop de riz d\u00e9shydrat\u00e9, amidon de riz, farine de riz), p\u00e2te de cacao, huile de coco, humectant : glyc\u00e9rine, prot\u00e9ines de pois hydrolys\u00e9es, \u00e9mulsifiants (l\u00e9cithine de tournesol, l\u00e9cithine de colza), sel marin, ar\u00f4mes naturels.<\/p>\n<p dir=\"ltr\"><em><strong><span style=\"text-decoration: underline\">Allerg\u00e8nes<\/span> : Peut contenir des traces d&rsquo;arachides et de fruits \u00e0 coque.<\/strong><\/em><\/p>\n<p dir=\"ltr\"><em>\u00c0 conserver dans un endroit frais et sec.<\/em><\/p>\n<p dir=\"ltr\"><span style=\"text-decoration: underline\">Valeurs nutritionnelles pour 100g<\/span> :<br \/>\nEnergie 1997 kJ \/ 475 kcal<br \/>\nMati\u00e8res grasses 24.6 g<br \/>\ndont acide gras satur\u00e9s 18.9 g<br \/>\nGlucides 59.8 g<br \/>\ndont sucres 44.3 g<br \/>\nProt\u00e9ines 2.1 g<br \/>\nSel 0.8 g<\/p>\n<p dir=\"ltr\">Produit en ANGLETERRE par BUTTERM!LK<\/p>","protected":false},"excerpt":{"rendered":"<p>Ingr\u00e9dients : Sucre, noix de coco r\u00e2p\u00e9e 21 %, sirop de glucose, beurre de cacao, poudre de riz (sirop de riz d\u00e9shydrat\u00e9, amidon de riz,&#8230;<\/p>","protected":false},"featured_media":31348,"template":"","meta":{"_acf_changed":false},"etheme_brands":[{"term_id":460,"name":"Buttermilk","slug":"buttermilk","term_group":0,"term_taxonomy_id":460,"taxonomy":"brand","description":"","parent":0,"count":4,"filter":"raw"}],"product_brand":[],"product_cat":[711,15,372],"product_tag":[],"class_list":{"0":"post-31349","1":"product","2":"type-product","3":"status-publish","4":"has-post-thumbnail","6":"brand-buttermilk","7":"product_cat-barres-chocolatees-vegan","8":"product_cat-tout","9":"product_cat-epicerie-vegan","11":"first","12":"instock","13":"taxable","14":"shipping-taxable","15":"purchasable","16":"product-type-simple"},"supplier_id":null,"supplier_sku":"","barcode":null,"atum_controlled":false,"out_stock_date":null,"out_stock_threshold":null,"inheritable":false,"inbound_stock":null,"stock_on_hold":0,"sold_today":0,"sales_last_days":0,"reserved_stock":null,"customer_returns":null,"warehouse_damage":null,"lost_in_post":null,"other_logs":null,"out_stock_days":0,"lost_sales":0,"has_location":null,"update_date":"2026-04-21T00:06:57","atum_locations":[],"atum_stock_status":"instock","restock_status":false,"low_stock_amount":"","sales_update_date":"2026-04-21T00:06:57","calc_backorders":null,"acf":[],"_links":{"self":[{"href":"https:\/\/www.theblackcowshop.com\/nl\/wp-json\/wp\/v2\/product\/31349","targetHints":{"allow":["GET"]}}],"collection":[{"href":"https:\/\/www.theblackcowshop.com\/nl\/wp-json\/wp\/v2\/product"}],"about":[{"href":"https:\/\/www.theblackcowshop.com\/nl\/wp-json\/wp\/v2\/types\/product"}],"version-history":[{"count":2,"href":"https:\/\/www.theblackcowshop.com\/nl\/wp-json\/wp\/v2\/product\/31349\/revisions"}],"predecessor-version":[{"id":32278,"href":"https:\/\/www.theblackcowshop.com\/nl\/wp-json\/wp\/v2\/product\/31349\/revisions\/32278"}],"wp:featuredmedia":[{"embeddable":true,"href":"https:\/\/www.theblackcowshop.com\/nl\/wp-json\/wp\/v2\/media\/31348"}],"wp:attachment":[{"href":"https:\/\/www.theblackcowshop.com\/nl\/wp-json\/wp\/v2\/media?parent=31349"}],"wp:term":[{"taxonomy":"brand","embeddable":true,"href":"https:\/\/www.theblackcowshop.com\/nl\/wp-json\/wp\/v2\/etheme_brands?post=31349"},{"taxonomy":"product_brand","embeddable":true,"href":"https:\/\/www.theblackcowshop.com\/nl\/wp-json\/wp\/v2\/product_brand?post=31349"},{"taxonomy":"product_cat","embeddable":true,"href":"https:\/\/www.theblackcowshop.com\/nl\/wp-json\/wp\/v2\/product_cat?post=31349"},{"taxonomy":"product_tag","embeddable":true,"href":"https:\/\/www.theblackcowshop.com\/nl\/wp-json\/wp\/v2\/product_tag?post=31349"}],"curies":[{"name":"wp","href":"https:\/\/api.w.org\/{rel}","templated":true}]}}