{"id":31371,"date":"2025-11-06T22:05:20","date_gmt":"2025-11-06T21:05:20","guid":{"rendered":"https:\/\/www.theblackcowshop.com\/?post_type=product&#038;p=31371"},"modified":"2026-03-21T14:04:10","modified_gmt":"2026-03-21T13:04:10","slug":"levure-nutritionnelle-engevita-vit-d-b12-100g-marigold","status":"publish","type":"product","link":"https:\/\/www.theblackcowshop.com\/nl\/product\/levure-nutritionnelle-engevita-vit-d-b12-100g-marigold\/","title":{"rendered":"Levure Nutritionnelle Engevita Vit. D &#038; B12 100g &#8211; Marigold"},"content":{"rendered":"<p><span style=\"text-decoration: underline\">Ingr\u00e9dients<\/span> : Levure s\u00e8che inactive (99%), levure Vitamine D, Thiamine (B1), Riboflavine (B2), Niacine (B3), Acide pantoth\u00e9nique (B5), Pyridoxine (B6), Acide folique (B9), Cyanocobalamine (B12), Sulfate de zinc.<\/p>\n<p><strong><span style=\"text-decoration: underline\">Allerg\u00e8nes<\/span> : Emball\u00e9 dans une usine qui traite les \u0153ufs, le soja, le lait, le c\u00e9leri, la moutarde et les sulfites.<\/strong><\/p>\n<p><span style=\"text-decoration: underline\">Valeurs nutritionnelles pour 100g<\/span> :<br \/>\nEnergie 1460 kJ \/ 349 kcal<br \/>\nMati\u00e8res grasses 5 g<br \/>\ndont satur\u00e9es 1 g<br \/>\nGlucides 19 g<br \/>\ndont sucres 1 g<br \/>\nProt\u00e9ines 47 g<br \/>\nSel 0.24 g<\/p>","protected":false},"excerpt":{"rendered":"<p>Ingr\u00e9dients : Levure s\u00e8che inactive (99%), levure Vitamine D, Thiamine (B1), Riboflavine (B2), Niacine (B3), Acide pantoth\u00e9nique (B5), Pyridoxine (B6), Acide folique (B9), Cyanocobalamine (B12),&#8230;<\/p>","protected":false},"featured_media":31372,"template":"","meta":{"_acf_changed":false},"etheme_brands":[{"term_id":466,"name":"Marigold","slug":"marigold","term_group":0,"term_taxonomy_id":466,"taxonomy":"brand","description":"","parent":0,"count":4,"filter":"raw"}],"product_brand":[],"product_cat":[395,15,372],"product_tag":[],"class_list":{"0":"post-31371","1":"product","2":"type-product","3":"status-publish","4":"has-post-thumbnail","6":"brand-marigold","7":"product_cat-sauces-condiments-vegan","8":"product_cat-tout","9":"product_cat-epicerie-vegan","11":"first","12":"instock","13":"taxable","14":"shipping-taxable","15":"purchasable","16":"product-type-simple"},"supplier_id":null,"supplier_sku":"","barcode":null,"atum_controlled":false,"out_stock_date":null,"out_stock_threshold":null,"inheritable":false,"inbound_stock":null,"stock_on_hold":0,"sold_today":0,"sales_last_days":0,"reserved_stock":null,"customer_returns":null,"warehouse_damage":null,"lost_in_post":null,"other_logs":null,"out_stock_days":0,"lost_sales":0,"has_location":null,"update_date":"2026-04-22T00:07:02","atum_locations":[],"atum_stock_status":"instock","restock_status":false,"low_stock_amount":"","sales_update_date":"2026-04-22T00:07:02","calc_backorders":null,"acf":[],"_links":{"self":[{"href":"https:\/\/www.theblackcowshop.com\/nl\/wp-json\/wp\/v2\/product\/31371","targetHints":{"allow":["GET"]}}],"collection":[{"href":"https:\/\/www.theblackcowshop.com\/nl\/wp-json\/wp\/v2\/product"}],"about":[{"href":"https:\/\/www.theblackcowshop.com\/nl\/wp-json\/wp\/v2\/types\/product"}],"version-history":[{"count":2,"href":"https:\/\/www.theblackcowshop.com\/nl\/wp-json\/wp\/v2\/product\/31371\/revisions"}],"predecessor-version":[{"id":32355,"href":"https:\/\/www.theblackcowshop.com\/nl\/wp-json\/wp\/v2\/product\/31371\/revisions\/32355"}],"wp:featuredmedia":[{"embeddable":true,"href":"https:\/\/www.theblackcowshop.com\/nl\/wp-json\/wp\/v2\/media\/31372"}],"wp:attachment":[{"href":"https:\/\/www.theblackcowshop.com\/nl\/wp-json\/wp\/v2\/media?parent=31371"}],"wp:term":[{"taxonomy":"brand","embeddable":true,"href":"https:\/\/www.theblackcowshop.com\/nl\/wp-json\/wp\/v2\/etheme_brands?post=31371"},{"taxonomy":"product_brand","embeddable":true,"href":"https:\/\/www.theblackcowshop.com\/nl\/wp-json\/wp\/v2\/product_brand?post=31371"},{"taxonomy":"product_cat","embeddable":true,"href":"https:\/\/www.theblackcowshop.com\/nl\/wp-json\/wp\/v2\/product_cat?post=31371"},{"taxonomy":"product_tag","embeddable":true,"href":"https:\/\/www.theblackcowshop.com\/nl\/wp-json\/wp\/v2\/product_tag?post=31371"}],"curies":[{"name":"wp","href":"https:\/\/api.w.org\/{rel}","templated":true}]}}