{"id":31588,"date":"2025-12-11T16:02:06","date_gmt":"2025-12-11T15:02:06","guid":{"rendered":"https:\/\/www.theblackcowshop.com\/?post_type=product&#038;p=31588"},"modified":"2026-04-14T12:44:40","modified_gmt":"2026-04-14T10:44:40","slug":"le-toulousain-400g-style-saucisson-sec-vegan-plantelan","status":"publish","type":"product","link":"https:\/\/www.theblackcowshop.com\/nl\/product\/le-toulousain-400g-style-saucisson-sec-vegan-plantelan\/","title":{"rendered":"Le Toulousain 400g &#8211; Style Saucisson Sec Vegan &#8211; Plant\u00e9lan"},"content":{"rendered":"","protected":false},"excerpt":{"rendered":"","protected":false},"featured_media":31619,"template":"","meta":{"_acf_changed":false},"etheme_brands":[{"term_id":440,"name":"Plant\u00e9lan","slug":"plantelan","term_group":0,"term_taxonomy_id":440,"taxonomy":"brand","description":"Plant\u00e9an met l'accent sur les prot\u00e9ines v\u00e9g\u00e9tales, offrant des alternatives savoureuses et nutritives aux produits carn\u00e9s. Leur mission est de fournir des options alimentaires saines et respectueuses de l'environnement.","parent":0,"count":5,"filter":"raw"}],"product_brand":[],"product_cat":[648,15,375],"product_tag":[],"class_list":{"0":"post-31588","1":"product","2":"type-product","3":"status-publish","4":"has-post-thumbnail","6":"brand-plantelan","7":"product_cat-alternative-vegan-charcuterie","8":"product_cat-tout","9":"product_cat-alternative-vegan-viande-boucherie","11":"first","12":"instock","13":"taxable","14":"shipping-taxable","15":"purchasable","16":"product-type-simple"},"supplier_id":null,"supplier_sku":"","barcode":null,"atum_controlled":false,"out_stock_date":null,"out_stock_threshold":null,"inheritable":false,"inbound_stock":null,"stock_on_hold":0,"sold_today":0,"sales_last_days":0,"reserved_stock":null,"customer_returns":null,"warehouse_damage":null,"lost_in_post":null,"other_logs":null,"out_stock_days":0,"lost_sales":0,"has_location":null,"update_date":"2026-04-29T00:15:18","atum_locations":[],"atum_stock_status":"instock","restock_status":false,"low_stock_amount":"","sales_update_date":"2026-04-29T00:15:18","calc_backorders":null,"acf":[],"_links":{"self":[{"href":"https:\/\/www.theblackcowshop.com\/nl\/wp-json\/wp\/v2\/product\/31588","targetHints":{"allow":["GET"]}}],"collection":[{"href":"https:\/\/www.theblackcowshop.com\/nl\/wp-json\/wp\/v2\/product"}],"about":[{"href":"https:\/\/www.theblackcowshop.com\/nl\/wp-json\/wp\/v2\/types\/product"}],"version-history":[{"count":1,"href":"https:\/\/www.theblackcowshop.com\/nl\/wp-json\/wp\/v2\/product\/31588\/revisions"}],"predecessor-version":[{"id":31620,"href":"https:\/\/www.theblackcowshop.com\/nl\/wp-json\/wp\/v2\/product\/31588\/revisions\/31620"}],"wp:featuredmedia":[{"embeddable":true,"href":"https:\/\/www.theblackcowshop.com\/nl\/wp-json\/wp\/v2\/media\/31619"}],"wp:attachment":[{"href":"https:\/\/www.theblackcowshop.com\/nl\/wp-json\/wp\/v2\/media?parent=31588"}],"wp:term":[{"taxonomy":"brand","embeddable":true,"href":"https:\/\/www.theblackcowshop.com\/nl\/wp-json\/wp\/v2\/etheme_brands?post=31588"},{"taxonomy":"product_brand","embeddable":true,"href":"https:\/\/www.theblackcowshop.com\/nl\/wp-json\/wp\/v2\/product_brand?post=31588"},{"taxonomy":"product_cat","embeddable":true,"href":"https:\/\/www.theblackcowshop.com\/nl\/wp-json\/wp\/v2\/product_cat?post=31588"},{"taxonomy":"product_tag","embeddable":true,"href":"https:\/\/www.theblackcowshop.com\/nl\/wp-json\/wp\/v2\/product_tag?post=31588"}],"curies":[{"name":"wp","href":"https:\/\/api.w.org\/{rel}","templated":true}]}}