{"id":32181,"date":"2026-01-31T12:50:02","date_gmt":"2026-01-31T11:50:02","guid":{"rendered":"https:\/\/www.theblackcowshop.com\/?post_type=product&#038;p=32181"},"modified":"2026-03-11T14:04:04","modified_gmt":"2026-03-11T13:04:04","slug":"thon-vegetal-a-lhuile-dolive-120g-gimme-sabor","status":"publish","type":"product","link":"https:\/\/www.theblackcowshop.com\/nl\/product\/thon-vegetal-a-lhuile-dolive-120g-gimme-sabor\/","title":{"rendered":"Thon V\u00e9g\u00e9tal \u00e0 l&rsquo;Huile d&rsquo;Olive 120g &#8211; Gimme Sabor"},"content":{"rendered":"","protected":false},"excerpt":{"rendered":"","protected":false},"featured_media":32149,"template":"","meta":{"_acf_changed":false},"etheme_brands":[{"term_id":745,"name":"Gimme Sabor","slug":"gimme-sabor","term_group":0,"term_taxonomy_id":745,"taxonomy":"brand","description":"","parent":0,"count":13,"filter":"raw"}],"product_brand":[],"product_cat":[715,15,392,702,372],"product_tag":[],"class_list":{"0":"post-32181","1":"product","2":"type-product","3":"status-publish","4":"has-post-thumbnail","6":"brand-gimme-sabor","7":"product_cat-conserves-vegan","8":"product_cat-tout","9":"product_cat-alternative-vegan-poisson","10":"product_cat-nouveau","11":"product_cat-epicerie-vegan","13":"first","14":"outofstock","15":"taxable","16":"shipping-taxable","17":"purchasable","18":"product-type-simple"},"supplier_id":null,"supplier_sku":"","barcode":null,"atum_controlled":false,"out_stock_date":null,"out_stock_threshold":null,"inheritable":false,"inbound_stock":null,"stock_on_hold":0,"sold_today":0,"sales_last_days":0,"reserved_stock":null,"customer_returns":null,"warehouse_damage":null,"lost_in_post":null,"other_logs":null,"out_stock_days":0,"lost_sales":0,"has_location":null,"update_date":"2026-04-10T00:00:41","atum_locations":[],"atum_stock_status":"outofstock","restock_status":false,"low_stock_amount":"","sales_update_date":"2026-04-10T00:00:41","calc_backorders":null,"acf":[],"_links":{"self":[{"href":"https:\/\/www.theblackcowshop.com\/nl\/wp-json\/wp\/v2\/product\/32181","targetHints":{"allow":["GET"]}}],"collection":[{"href":"https:\/\/www.theblackcowshop.com\/nl\/wp-json\/wp\/v2\/product"}],"about":[{"href":"https:\/\/www.theblackcowshop.com\/nl\/wp-json\/wp\/v2\/types\/product"}],"version-history":[{"count":1,"href":"https:\/\/www.theblackcowshop.com\/nl\/wp-json\/wp\/v2\/product\/32181\/revisions"}],"predecessor-version":[{"id":32192,"href":"https:\/\/www.theblackcowshop.com\/nl\/wp-json\/wp\/v2\/product\/32181\/revisions\/32192"}],"wp:featuredmedia":[{"embeddable":true,"href":"https:\/\/www.theblackcowshop.com\/nl\/wp-json\/wp\/v2\/media\/32149"}],"wp:attachment":[{"href":"https:\/\/www.theblackcowshop.com\/nl\/wp-json\/wp\/v2\/media?parent=32181"}],"wp:term":[{"taxonomy":"brand","embeddable":true,"href":"https:\/\/www.theblackcowshop.com\/nl\/wp-json\/wp\/v2\/etheme_brands?post=32181"},{"taxonomy":"product_brand","embeddable":true,"href":"https:\/\/www.theblackcowshop.com\/nl\/wp-json\/wp\/v2\/product_brand?post=32181"},{"taxonomy":"product_cat","embeddable":true,"href":"https:\/\/www.theblackcowshop.com\/nl\/wp-json\/wp\/v2\/product_cat?post=32181"},{"taxonomy":"product_tag","embeddable":true,"href":"https:\/\/www.theblackcowshop.com\/nl\/wp-json\/wp\/v2\/product_tag?post=32181"}],"curies":[{"name":"wp","href":"https:\/\/api.w.org\/{rel}","templated":true}]}}