{"id":3227,"date":"2024-10-31T19:25:19","date_gmt":"2024-10-31T18:25:19","guid":{"rendered":"https:\/\/www.theblackcowshop.com\/?post_type=product&#038;p=3227"},"modified":"2026-04-17T15:27:03","modified_gmt":"2026-04-17T13:27:03","slug":"sant-andreu-200g-veggie-karma","status":"publish","type":"product","link":"https:\/\/www.theblackcowshop.com\/nl\/product\/sant-andreu-200g-veggie-karma\/","title":{"rendered":"Sant Andreu Au Chorizo V\u00e9g\u00e9tal 200g &#8211; Go\u00fbt Parmesan &#8211; Veggie Karma"},"content":{"rendered":"<h1><strong>Alternative vegan au fromage \u00e0 base de <span style=\"text-decoration: underline;\">lupin<\/span> et chorizo vegan ! \ud83d\udd25<\/strong><\/h1>\n<p>Du jamais vu jusqu&rsquo;\u00e0 pr\u00e9sent en Belgique ! D\u00e9couvrez un produit \u00e0 p\u00e2te dure dont la texture et le go\u00fbt sont totalement diff\u00e9rents des vromages artisanaux que l&rsquo;on connait ! Son go\u00fbt relev\u00e9 au chorizo vegan espagnol\u00a0en a d\u00e9j\u00e0 s\u00e9duit plus d&rsquo;un !!<\/p>\n<p><span style=\"text-decoration: underline;\">Ingr\u00e9dients<\/span> : LUPIN* (28%), NOIX DE CAJOU*, AMANDES, huile de coco d\u00e9sodoris\u00e9e*, BOISSON DE RIZ*, calabizo* (courge*, oignon*, huile d\u2019olive vierge extra*, paprika*, sel, ail*, origan*), MISO* (KOJI), levure nutritionnelle*, graines de pavot. *Issus de l&rsquo;agriculture biologique<\/p>\n<p><span style=\"text-decoration: underline;\">Allerg\u00e8nes<\/span> : Contient du <em>LUPIN<\/em>, <em>SOJA<\/em>, <em>FRUITS \u00c0 COQUE<\/em> (<em>AMANDES, NOIX DE CAJOU<\/em>). Peut contenir des traces de <em>SOJA<\/em>, <em>LUPIN<\/em>,\u00a0<em>FRUITS SECS <\/em>et <em>FRUITS \u00c0 COQUE<\/em>.<\/p>\n<p><span style=\"text-decoration: underline;\">Conservation<\/span> : Au frais \u2744\ufe0f Une fois ouvert, il continue de s&rsquo;affiner et se conserve au frais durant plusieurs semaines.<\/p>\n<p>Produit : <span data-sheets-value=\"\" data-sheets-userformat=\",&quot;12&quot;:0,&quot;17&quot;:1}\">Sant Andreu<\/span>\u00a0200g<br \/>\nProducteur : Veggie Karma<br \/>\nOrigine : Barcelona, Espagne<\/p>","protected":false},"excerpt":{"rendered":"<p><strong>Alternative vegan au fromage \u00e0 base de <span style=\"text-decoration: underline;\">lupin<\/span> et chorizo vegan ! \ud83c\uddea\ud83c\uddf8<\/strong><\/p>","protected":false},"featured_media":25055,"template":"","meta":{"_acf_changed":false},"etheme_brands":[{"term_id":438,"name":"Veggie Karma","slug":"veggie-karma","term_group":0,"term_taxonomy_id":438,"taxonomy":"brand","description":"Veggie Karma offre une gamme diversifi\u00e9e de produits v\u00e9g\u00e9taliens, allant des substituts de viande aux plats pr\u00e9par\u00e9s. Leur mission est de promouvoir un mode de vie sain et respectueux de l'environnement gr\u00e2ce \u00e0 une alimentation \u00e0 base de plantes.\r\n\r\n","parent":0,"count":10,"filter":"raw"}],"product_brand":[],"product_cat":[738,15,370],"product_tag":[],"class_list":{"0":"post-3227","1":"product","2":"type-product","3":"status-publish","4":"has-post-thumbnail","6":"brand-veggie-karma","7":"product_cat-alternative-vegan-fromage-affine","8":"product_cat-tout","9":"product_cat-alternatives-vegan-fromage","11":"first","12":"instock","13":"taxable","14":"shipping-taxable","15":"purchasable","16":"product-type-simple"},"supplier_id":null,"supplier_sku":"","barcode":null,"atum_controlled":true,"out_stock_date":null,"out_stock_threshold":null,"inheritable":false,"inbound_stock":0,"stock_on_hold":0,"sold_today":0,"sales_last_days":0,"reserved_stock":0,"customer_returns":0,"warehouse_damage":0,"lost_in_post":0,"other_logs":0,"out_stock_days":0,"lost_sales":0,"has_location":false,"update_date":"2026-04-18T00:04:13","atum_locations":[],"atum_stock_status":"instock","restock_status":false,"low_stock_amount":"","sales_update_date":"2026-04-18T00:04:13","calc_backorders":null,"acf":[],"_links":{"self":[{"href":"https:\/\/www.theblackcowshop.com\/nl\/wp-json\/wp\/v2\/product\/3227","targetHints":{"allow":["GET"]}}],"collection":[{"href":"https:\/\/www.theblackcowshop.com\/nl\/wp-json\/wp\/v2\/product"}],"about":[{"href":"https:\/\/www.theblackcowshop.com\/nl\/wp-json\/wp\/v2\/types\/product"}],"version-history":[{"count":1,"href":"https:\/\/www.theblackcowshop.com\/nl\/wp-json\/wp\/v2\/product\/3227\/revisions"}],"predecessor-version":[{"id":28865,"href":"https:\/\/www.theblackcowshop.com\/nl\/wp-json\/wp\/v2\/product\/3227\/revisions\/28865"}],"wp:featuredmedia":[{"embeddable":true,"href":"https:\/\/www.theblackcowshop.com\/nl\/wp-json\/wp\/v2\/media\/25055"}],"wp:attachment":[{"href":"https:\/\/www.theblackcowshop.com\/nl\/wp-json\/wp\/v2\/media?parent=3227"}],"wp:term":[{"taxonomy":"brand","embeddable":true,"href":"https:\/\/www.theblackcowshop.com\/nl\/wp-json\/wp\/v2\/etheme_brands?post=3227"},{"taxonomy":"product_brand","embeddable":true,"href":"https:\/\/www.theblackcowshop.com\/nl\/wp-json\/wp\/v2\/product_brand?post=3227"},{"taxonomy":"product_cat","embeddable":true,"href":"https:\/\/www.theblackcowshop.com\/nl\/wp-json\/wp\/v2\/product_cat?post=3227"},{"taxonomy":"product_tag","embeddable":true,"href":"https:\/\/www.theblackcowshop.com\/nl\/wp-json\/wp\/v2\/product_tag?post=3227"}],"curies":[{"name":"wp","href":"https:\/\/api.w.org\/{rel}","templated":true}]}}