{"id":32289,"date":"2026-02-07T12:44:34","date_gmt":"2026-02-07T11:44:34","guid":{"rendered":"https:\/\/www.theblackcowshop.com\/?post_type=product&#038;p=32289"},"modified":"2026-03-11T14:04:16","modified_gmt":"2026-03-11T13:04:16","slug":"meatless-hot-dog-180g-alternative-vegan-saucisses-plenty-reasons","status":"publish","type":"product","link":"https:\/\/www.theblackcowshop.com\/nl\/product\/meatless-hot-dog-180g-alternative-vegan-saucisses-plenty-reasons\/","title":{"rendered":"Meatless Hot dog 180g &#8211; Alternative Vegan Saucisses &#8211; Plenty Reasons"},"content":{"rendered":"<p><span style=\"text-decoration: underline\">Ingr\u00e9dients<\/span> : Eau, huile de colza, prot\u00e9ines de pois isol\u00e9es 8,9 %, \u00e9paississants : algues Eucheuma transform\u00e9es, konjac, xanthane ; \u00e9mulsifiant : m\u00e9thylcellulose ; sel, ar\u00f4mes, l\u00e9gumes secs (carotte, persil, oignon, oignon r\u00f4ti), \u00e9pices,<strong>\u00a0fibres de bl\u00e9 sans gluten<\/strong>, amidon de ma\u00efs modifi\u00e9, jus de citron, prot\u00e9ines de pomme de terre 0,3 %, sucre, colorant : oxydes et hydroxydes de fer.<\/p>\n<p><em><strong>Allerg\u00e8nes : Voir les ingr\u00e9dients en gras. Peut contenir des traces de gluten, de soja, de moutarde et de s\u00e9same.<\/strong><\/em><\/p>\n<div class=\"tabs tabs-produit\">\n<div id=\"tab-content\" class=\"tab-content\">\n<div id=\"extra-0\" class=\"tab-pane fade in active\" role=\"tabpanel\" aria-labelledby=\"tab-extra-0\" aria-expanded=\"true\">\n<div class=\"tab-pane-body\">\n<div class=\"extra-product\">\n<p><em>\u00c0 conserver au r\u00e9frig\u00e9rateur<\/em><\/p>\n<p>Valeurs nutritionnelles pour 100g :<br \/>\nEnergie <span class=\"unite\">943 kJ \/ 223 kcal<br \/>\n<\/span>Mati\u00e8res grasses <span class=\"unite\">17,7 g<br \/>\n<\/span>dont acide gras satur\u00e9s <span class=\"unite\">1,5 g<br \/>\n<\/span>Glucides <span class=\"unite\">7,2 g<br \/>\n<\/span>dont sucres <span class=\"unite\">1,0 g<br \/>\n<\/span>Fibres <span class=\"unite\">1,4 g<br \/>\n<\/span>Prot\u00e9ines <span class=\"unite\">8,5 g<br \/>\n<\/span>Sel <span class=\"unite\">1,5 g<\/span><\/p>\n<\/div>\n<\/div>\n<\/div>\n<\/div>\n<\/div>\n<section class=\"product-accessories clearfix\">\n<div class=\"entete-section\"><\/div>\n<\/section>","protected":false},"excerpt":{"rendered":"<p>Ingr\u00e9dients : Eau, huile de colza, prot\u00e9ines de pois isol\u00e9es 8,9 %, \u00e9paississants : algues Eucheuma transform\u00e9es, konjac, xanthane ; \u00e9mulsifiant : m\u00e9thylcellulose ; sel,&#8230;<\/p>","protected":false},"featured_media":32307,"template":"","meta":{"_acf_changed":false},"etheme_brands":[{"term_id":676,"name":"Plenty Reasons","slug":"plenty-reasons","term_group":0,"term_taxonomy_id":676,"taxonomy":"brand","description":"","parent":0,"count":6,"filter":"raw"}],"product_brand":[],"product_cat":[710,15,702,375],"product_tag":[],"class_list":{"0":"post-32289","1":"product","2":"type-product","3":"status-publish","4":"has-post-thumbnail","6":"brand-plenty-reasons","7":"product_cat-alternative-vegan-viande","8":"product_cat-tout","9":"product_cat-nouveau","10":"product_cat-alternative-vegan-viande-boucherie","12":"first","13":"outofstock","14":"taxable","15":"shipping-taxable","16":"purchasable","17":"product-type-simple"},"supplier_id":null,"supplier_sku":"","barcode":null,"atum_controlled":false,"out_stock_date":null,"out_stock_threshold":null,"inheritable":false,"inbound_stock":null,"stock_on_hold":0,"sold_today":0,"sales_last_days":0,"reserved_stock":null,"customer_returns":null,"warehouse_damage":null,"lost_in_post":null,"other_logs":null,"out_stock_days":0,"lost_sales":0,"has_location":null,"update_date":"2026-04-14T00:01:52","atum_locations":[],"atum_stock_status":"outofstock","restock_status":false,"low_stock_amount":"","sales_update_date":"2026-04-14T00:01:52","calc_backorders":null,"acf":[],"_links":{"self":[{"href":"https:\/\/www.theblackcowshop.com\/nl\/wp-json\/wp\/v2\/product\/32289","targetHints":{"allow":["GET"]}}],"collection":[{"href":"https:\/\/www.theblackcowshop.com\/nl\/wp-json\/wp\/v2\/product"}],"about":[{"href":"https:\/\/www.theblackcowshop.com\/nl\/wp-json\/wp\/v2\/types\/product"}],"version-history":[{"count":3,"href":"https:\/\/www.theblackcowshop.com\/nl\/wp-json\/wp\/v2\/product\/32289\/revisions"}],"predecessor-version":[{"id":32322,"href":"https:\/\/www.theblackcowshop.com\/nl\/wp-json\/wp\/v2\/product\/32289\/revisions\/32322"}],"wp:featuredmedia":[{"embeddable":true,"href":"https:\/\/www.theblackcowshop.com\/nl\/wp-json\/wp\/v2\/media\/32307"}],"wp:attachment":[{"href":"https:\/\/www.theblackcowshop.com\/nl\/wp-json\/wp\/v2\/media?parent=32289"}],"wp:term":[{"taxonomy":"brand","embeddable":true,"href":"https:\/\/www.theblackcowshop.com\/nl\/wp-json\/wp\/v2\/etheme_brands?post=32289"},{"taxonomy":"product_brand","embeddable":true,"href":"https:\/\/www.theblackcowshop.com\/nl\/wp-json\/wp\/v2\/product_brand?post=32289"},{"taxonomy":"product_cat","embeddable":true,"href":"https:\/\/www.theblackcowshop.com\/nl\/wp-json\/wp\/v2\/product_cat?post=32289"},{"taxonomy":"product_tag","embeddable":true,"href":"https:\/\/www.theblackcowshop.com\/nl\/wp-json\/wp\/v2\/product_tag?post=32289"}],"curies":[{"name":"wp","href":"https:\/\/api.w.org\/{rel}","templated":true}]}}