{"id":32292,"date":"2026-02-07T12:55:50","date_gmt":"2026-02-07T11:55:50","guid":{"rendered":"https:\/\/www.theblackcowshop.com\/?post_type=product&#038;p=32292"},"modified":"2026-03-11T14:04:16","modified_gmt":"2026-03-11T13:04:16","slug":"tofu-spinacia-200g-epinards-taifun","status":"publish","type":"product","link":"https:\/\/www.theblackcowshop.com\/nl\/product\/tofu-spinacia-200g-epinards-taifun\/","title":{"rendered":"Tofu Spinacia 200g &#8211; \u00c9pinards &#8211; Taifun"},"content":{"rendered":"<p><span style=\"text-decoration: underline\">Ingr\u00e9dients<\/span> : Tofu* 84% (<strong>graines de <span style=\"text-decoration: underline\">soja<\/span><\/strong>* 55%, eau, agents de coagulation: chlorure de magn\u00e9sium, sulfate de calcium), \u00e9pinards* 13%, sel marin, oignons*, huile de tournesol*, ail*, noix de muscade*, poivre blanc*, piment rouge*, poivre noir*<\/p>\n<p><strong><span style=\"text-decoration: underline\">Allerg\u00e8nes<\/span> : voir ingr\u00e9dients en gras. Peut contenir des traces de gluten, fruits \u00e0 coque, c\u00e9leri, moutarde et s\u00e9same.<\/strong><\/p>\n<p><em>\u00c0 conserver au r\u00e9frig\u00e9rateur<\/em><\/p>\n<p>Valeurs nutritionnelles pour 100g :<br \/>\nEnergie <span class=\"unite\">648 kJ \/ 155 kcal<br \/>\n<\/span>Mati\u00e8res grasses <span class=\"unite\">8.1 g<br \/>\n<\/span>dont acide gras satur\u00e9s <span class=\"unite\">1.6 g<br \/>\n<\/span>Glucides <span class=\"unite\">1.6 g<br \/>\n<\/span>dont sucres <span class=\"unite\">0.7 g<br \/>\n<\/span>Prot\u00e9ines <span class=\"unite\">18 g<br \/>\n<\/span>Sel <span class=\"unite\">1.5 g<\/span><\/p>","protected":false},"excerpt":{"rendered":"<p>Ingr\u00e9dients : Tofu* 84% (graines de soja* 55%, eau, agents de coagulation: chlorure de magn\u00e9sium, sulfate de calcium), \u00e9pinards* 13%, sel marin, oignons*, huile de&#8230;<\/p>","protected":false},"featured_media":32308,"template":"","meta":{"_acf_changed":false},"etheme_brands":[{"term_id":704,"name":"Taifun","slug":"taifun","term_group":0,"term_taxonomy_id":704,"taxonomy":"brand","description":"","parent":0,"count":7,"filter":"raw"}],"product_brand":[],"product_cat":[709,15,702,375],"product_tag":[],"class_list":{"0":"post-32292","1":"product","2":"type-product","3":"status-publish","4":"has-post-thumbnail","6":"brand-taifun","7":"product_cat-tofu-seitan-proteines-texturees","8":"product_cat-tout","9":"product_cat-nouveau","10":"product_cat-alternative-vegan-viande-boucherie","12":"first","13":"outofstock","14":"taxable","15":"shipping-taxable","16":"purchasable","17":"product-type-simple"},"supplier_id":null,"supplier_sku":"","barcode":null,"atum_controlled":false,"out_stock_date":null,"out_stock_threshold":null,"inheritable":false,"inbound_stock":null,"stock_on_hold":0,"sold_today":0,"sales_last_days":0,"reserved_stock":null,"customer_returns":null,"warehouse_damage":null,"lost_in_post":null,"other_logs":null,"out_stock_days":0,"lost_sales":0,"has_location":null,"update_date":"2026-04-14T00:01:52","atum_locations":[],"atum_stock_status":"outofstock","restock_status":false,"low_stock_amount":"","sales_update_date":"2026-04-14T00:01:52","calc_backorders":null,"acf":[],"_links":{"self":[{"href":"https:\/\/www.theblackcowshop.com\/nl\/wp-json\/wp\/v2\/product\/32292","targetHints":{"allow":["GET"]}}],"collection":[{"href":"https:\/\/www.theblackcowshop.com\/nl\/wp-json\/wp\/v2\/product"}],"about":[{"href":"https:\/\/www.theblackcowshop.com\/nl\/wp-json\/wp\/v2\/types\/product"}],"version-history":[{"count":3,"href":"https:\/\/www.theblackcowshop.com\/nl\/wp-json\/wp\/v2\/product\/32292\/revisions"}],"predecessor-version":[{"id":32323,"href":"https:\/\/www.theblackcowshop.com\/nl\/wp-json\/wp\/v2\/product\/32292\/revisions\/32323"}],"wp:featuredmedia":[{"embeddable":true,"href":"https:\/\/www.theblackcowshop.com\/nl\/wp-json\/wp\/v2\/media\/32308"}],"wp:attachment":[{"href":"https:\/\/www.theblackcowshop.com\/nl\/wp-json\/wp\/v2\/media?parent=32292"}],"wp:term":[{"taxonomy":"brand","embeddable":true,"href":"https:\/\/www.theblackcowshop.com\/nl\/wp-json\/wp\/v2\/etheme_brands?post=32292"},{"taxonomy":"product_brand","embeddable":true,"href":"https:\/\/www.theblackcowshop.com\/nl\/wp-json\/wp\/v2\/product_brand?post=32292"},{"taxonomy":"product_cat","embeddable":true,"href":"https:\/\/www.theblackcowshop.com\/nl\/wp-json\/wp\/v2\/product_cat?post=32292"},{"taxonomy":"product_tag","embeddable":true,"href":"https:\/\/www.theblackcowshop.com\/nl\/wp-json\/wp\/v2\/product_tag?post=32292"}],"curies":[{"name":"wp","href":"https:\/\/api.w.org\/{rel}","templated":true}]}}