{"id":32295,"date":"2026-02-07T13:07:29","date_gmt":"2026-02-07T12:07:29","guid":{"rendered":"https:\/\/www.theblackcowshop.com\/?post_type=product&#038;p=32295"},"modified":"2026-03-20T16:09:47","modified_gmt":"2026-03-20T15:09:47","slug":"tofu-ail-des-ours-160g-taifun","status":"publish","type":"product","link":"https:\/\/www.theblackcowshop.com\/nl\/product\/tofu-ail-des-ours-160g-taifun\/","title":{"rendered":"Tofu Ail Des Ours 160g &#8211; Taifun"},"content":{"rendered":"<p>Ingr\u00e9dients : Graines de <b>soja<\/b>* 57%, eau, pesto \u00e0 l&rsquo;ail des ours* 7,8% (ail des ours* 6,1%, huile de tournesol*, sel marin), huile de tournesol*, bouillon de l\u00e9gumes* (sel marin, extrait de levure*, huile de tournesol*, poireaux*, carottes*,\u00a0<strong>c\u00e9leri<\/strong>*, macis*, noix de muscade*, persil*), oignons*, jus de citron concentr\u00e9*, gingembre*, agents de coagulation : chlorure de magn\u00e9sium, sulfate de calcium.<\/p>\n<p><em><strong>Allerg\u00e8nes : voir ingr\u00e9dients en gras. Peut contenir des traces de gluten, d&rsquo;amandes, de s\u00e9same et de\u00a0bl\u00e9.<\/strong><\/em><\/p>\n<p><em>\u00c0 conserver au r\u00e9frig\u00e9rateur<\/em><\/p>\n<p>Valeurs nutritionnelles pour 100g :<\/p>\n<div class=\"valeurs-nutritionnelles\">Energie<span class=\"unite\">914 kJ \/ 220 kcal<\/span><\/div>\n<div class=\"valeurs-nutritionnelles\">\n<p>Mati\u00e8res grasses<span class=\"unite\">15 g<\/span><\/p>\n<div class=\"dont\">dont acide gras satur\u00e9s<span class=\"unite\">1.5 g<\/span><\/div>\n<\/div>\n<div class=\"valeurs-nutritionnelles\">\n<p>Glucides<span class=\"unite\">1.6 g<\/span><\/p>\n<div class=\"dont\">dont sucres<span class=\"unite\">0.7 g<\/span><\/div>\n<\/div>\n<div class=\"valeurs-nutritionnelles\">Prot\u00e9ines<span class=\"unite\">19 g<\/span><\/div>\n<div class=\"valeurs-nutritionnelles\">Sel<span class=\"unite\">1.8 g<\/span><\/div>","protected":false},"excerpt":{"rendered":"<p>Ingr\u00e9dients : Graines de soja* 57%, eau, pesto \u00e0 l&rsquo;ail des ours* 7,8% (ail des ours* 6,1%, huile de tournesol*, sel marin), huile de tournesol*,&#8230;<\/p>","protected":false},"featured_media":32310,"template":"","meta":{"_acf_changed":false},"etheme_brands":[{"term_id":704,"name":"Taifun","slug":"taifun","term_group":0,"term_taxonomy_id":704,"taxonomy":"brand","description":"","parent":0,"count":7,"filter":"raw"}],"product_brand":[],"product_cat":[709,15,702,375],"product_tag":[],"class_list":{"0":"post-32295","1":"product","2":"type-product","3":"status-publish","4":"has-post-thumbnail","6":"brand-taifun","7":"product_cat-tofu-seitan-proteines-texturees","8":"product_cat-tout","9":"product_cat-nouveau","10":"product_cat-alternative-vegan-viande-boucherie","12":"first","13":"outofstock","14":"taxable","15":"shipping-taxable","16":"purchasable","17":"product-type-simple"},"supplier_id":null,"supplier_sku":"","barcode":null,"atum_controlled":false,"out_stock_date":null,"out_stock_threshold":null,"inheritable":false,"inbound_stock":null,"stock_on_hold":0,"sold_today":0,"sales_last_days":0,"reserved_stock":null,"customer_returns":null,"warehouse_damage":null,"lost_in_post":null,"other_logs":null,"out_stock_days":0,"lost_sales":0,"has_location":null,"update_date":"2026-04-14T00:01:52","atum_locations":[],"atum_stock_status":"outofstock","restock_status":false,"low_stock_amount":"","sales_update_date":"2026-04-14T00:01:52","calc_backorders":null,"acf":[],"_links":{"self":[{"href":"https:\/\/www.theblackcowshop.com\/nl\/wp-json\/wp\/v2\/product\/32295","targetHints":{"allow":["GET"]}}],"collection":[{"href":"https:\/\/www.theblackcowshop.com\/nl\/wp-json\/wp\/v2\/product"}],"about":[{"href":"https:\/\/www.theblackcowshop.com\/nl\/wp-json\/wp\/v2\/types\/product"}],"version-history":[{"count":2,"href":"https:\/\/www.theblackcowshop.com\/nl\/wp-json\/wp\/v2\/product\/32295\/revisions"}],"predecessor-version":[{"id":32325,"href":"https:\/\/www.theblackcowshop.com\/nl\/wp-json\/wp\/v2\/product\/32295\/revisions\/32325"}],"wp:featuredmedia":[{"embeddable":true,"href":"https:\/\/www.theblackcowshop.com\/nl\/wp-json\/wp\/v2\/media\/32310"}],"wp:attachment":[{"href":"https:\/\/www.theblackcowshop.com\/nl\/wp-json\/wp\/v2\/media?parent=32295"}],"wp:term":[{"taxonomy":"brand","embeddable":true,"href":"https:\/\/www.theblackcowshop.com\/nl\/wp-json\/wp\/v2\/etheme_brands?post=32295"},{"taxonomy":"product_brand","embeddable":true,"href":"https:\/\/www.theblackcowshop.com\/nl\/wp-json\/wp\/v2\/product_brand?post=32295"},{"taxonomy":"product_cat","embeddable":true,"href":"https:\/\/www.theblackcowshop.com\/nl\/wp-json\/wp\/v2\/product_cat?post=32295"},{"taxonomy":"product_tag","embeddable":true,"href":"https:\/\/www.theblackcowshop.com\/nl\/wp-json\/wp\/v2\/product_tag?post=32295"}],"curies":[{"name":"wp","href":"https:\/\/api.w.org\/{rel}","templated":true}]}}