{"id":32525,"date":"2026-02-27T13:32:40","date_gmt":"2026-02-27T12:32:40","guid":{"rendered":"https:\/\/www.theblackcowshop.com\/?post_type=product&#038;p=32525"},"modified":"2026-04-03T07:43:13","modified_gmt":"2026-04-03T05:43:13","slug":"mini-lapin-en-chocolat-vegan-6-25g-storz","status":"publish","type":"product","link":"https:\/\/www.theblackcowshop.com\/nl\/product\/mini-lapin-en-chocolat-vegan-6-25g-storz\/","title":{"rendered":"Mini Lapin en Chocolat Vegan 6.25g &#8211; Storz"},"content":{"rendered":"<p><span style=\"text-decoration: underline\">Ingr\u00e9dients<\/span> : sucre, beurre de cacao, p\u00e2te de cacao, 15 % de poudre d&rsquo;extrait de millet, 6% de <span style=\"text-decoration: underline\"><strong>noisettes<\/strong> <\/span>grill\u00e9es, \u00e9mulsifiant l\u00e9cithine (<span style=\"text-decoration: underline\"><strong>soja<\/strong><\/span>), extrait de vanille Bourbon.<\/p>\n<p><strong><span style=\"text-decoration: underline\">Allerg\u00e8nes<\/span> : Contient des noisettes, fruits \u00e0 coque et soja. Peut contenir des traces de lait et de fruits \u00e0 coques<\/strong><\/p>\n<p><em>\u00c0 conserver dans un endroit frais et sec.<\/em><\/p>\n<p><span style=\"text-decoration: underline\">Valeurs nutritionnelles pour 100g<\/span> :<br \/>\nCalories 2342kJ \/ 562kcal<br \/>\nLipides 36g<br \/>\ndont acide gras satur\u00e9s 20g<br \/>\nGlucides 55g<br \/>\ndont sucres 41g<br \/>\nProt\u00e9ines 2.9g<br \/>\nSel 0.01g<\/p>","protected":false},"excerpt":{"rendered":"<p>Ingr\u00e9dients : sucre, beurre de cacao, p\u00e2te de cacao, 15 % de poudre d&rsquo;extrait de millet, 6% de noisettes grill\u00e9es, \u00e9mulsifiant l\u00e9cithine (soja), extrait de&#8230;<\/p>","protected":false},"featured_media":32527,"template":"","meta":{"_acf_changed":false},"etheme_brands":[{"term_id":754,"name":"Storz","slug":"storz","term_group":0,"term_taxonomy_id":754,"taxonomy":"brand","description":"","parent":0,"count":3,"filter":"raw"}],"product_brand":[],"product_cat":[712,753,15,702,372],"product_tag":[],"class_list":{"0":"post-32525","1":"product","2":"type-product","3":"status-publish","4":"has-post-thumbnail","6":"brand-storz","7":"product_cat-chocolat-vegan","8":"product_cat-paques-vegan","9":"product_cat-tout","10":"product_cat-nouveau","11":"product_cat-epicerie-vegan","13":"first","14":"instock","15":"taxable","16":"shipping-taxable","17":"purchasable","18":"product-type-simple"},"supplier_id":null,"supplier_sku":"","barcode":null,"atum_controlled":false,"out_stock_date":null,"out_stock_threshold":null,"inheritable":false,"inbound_stock":null,"stock_on_hold":0,"sold_today":0,"sales_last_days":1,"reserved_stock":null,"customer_returns":null,"warehouse_damage":null,"lost_in_post":null,"other_logs":null,"out_stock_days":0,"lost_sales":0,"has_location":null,"update_date":"2026-04-14T00:01:52","atum_locations":[],"atum_stock_status":"instock","restock_status":false,"low_stock_amount":"","sales_update_date":"2026-04-14T00:01:52","calc_backorders":null,"acf":[],"_links":{"self":[{"href":"https:\/\/www.theblackcowshop.com\/nl\/wp-json\/wp\/v2\/product\/32525","targetHints":{"allow":["GET"]}}],"collection":[{"href":"https:\/\/www.theblackcowshop.com\/nl\/wp-json\/wp\/v2\/product"}],"about":[{"href":"https:\/\/www.theblackcowshop.com\/nl\/wp-json\/wp\/v2\/types\/product"}],"version-history":[{"count":2,"href":"https:\/\/www.theblackcowshop.com\/nl\/wp-json\/wp\/v2\/product\/32525\/revisions"}],"predecessor-version":[{"id":32533,"href":"https:\/\/www.theblackcowshop.com\/nl\/wp-json\/wp\/v2\/product\/32525\/revisions\/32533"}],"wp:featuredmedia":[{"embeddable":true,"href":"https:\/\/www.theblackcowshop.com\/nl\/wp-json\/wp\/v2\/media\/32527"}],"wp:attachment":[{"href":"https:\/\/www.theblackcowshop.com\/nl\/wp-json\/wp\/v2\/media?parent=32525"}],"wp:term":[{"taxonomy":"brand","embeddable":true,"href":"https:\/\/www.theblackcowshop.com\/nl\/wp-json\/wp\/v2\/etheme_brands?post=32525"},{"taxonomy":"product_brand","embeddable":true,"href":"https:\/\/www.theblackcowshop.com\/nl\/wp-json\/wp\/v2\/product_brand?post=32525"},{"taxonomy":"product_cat","embeddable":true,"href":"https:\/\/www.theblackcowshop.com\/nl\/wp-json\/wp\/v2\/product_cat?post=32525"},{"taxonomy":"product_tag","embeddable":true,"href":"https:\/\/www.theblackcowshop.com\/nl\/wp-json\/wp\/v2\/product_tag?post=32525"}],"curies":[{"name":"wp","href":"https:\/\/api.w.org\/{rel}","templated":true}]}}