{"id":32530,"date":"2026-02-27T13:47:29","date_gmt":"2026-02-27T12:47:29","guid":{"rendered":"https:\/\/www.theblackcowshop.com\/?post_type=product&#038;p=32530"},"modified":"2026-04-03T18:55:01","modified_gmt":"2026-04-03T16:55:01","slug":"sucette-lapin-en-chocolat-vegan-15g-rosengarten","status":"publish","type":"product","link":"https:\/\/www.theblackcowshop.com\/nl\/product\/sucette-lapin-en-chocolat-vegan-15g-rosengarten\/","title":{"rendered":"Sucette Lapin en Chocolat Vegan 15g &#8211; Rosengarten"},"content":{"rendered":"<p><span style=\"text-decoration: underline\">Ingr\u00e9dients <\/span>: Sucre de canne brut*, beurre de cacao**, p\u00e2te de cacao**, sirop de riz s\u00e9ch\u00e9* (16%). Cacao : 40% minimum<\/p>\n<p><strong><span style=\"text-decoration: underline\">Allerg\u00e8nes<\/span> : Peut contenir des traces de gluten, de fruits \u00e0 coque, de produits laitiers, de soja et de s\u00e9same.<\/strong><\/p>\n<p><em>\u00c0 conserver dans un endroit frais et sec.<\/em><\/p>\n<p><span style=\"text-decoration: underline\">Valeurs nutritionnelles pour 100g<\/span> :<br \/>\nEnergie 2481 kJ \/ 596 kcal<br \/>\nMati\u00e8res grasses 41.7 g<br \/>\ndont acide gras satur\u00e9s 25.7 g<br \/>\nGlucides 50.9 g<br \/>\ndont sucres 36.8 g<br \/>\nFibres alimentaires 4.4 g<br \/>\nProt\u00e9ines 2.2 g<br \/>\nSel 0.01 g<\/p>\n<p>&nbsp;<\/p>","protected":false},"excerpt":{"rendered":"<p>Ingr\u00e9dients : Sucre de canne brut*, beurre de cacao**, p\u00e2te de cacao**, sirop de riz s\u00e9ch\u00e9* (16%). Cacao : 40% minimum Allerg\u00e8nes : Peut contenir&#8230;<\/p>","protected":false},"featured_media":32531,"template":"","meta":{"_acf_changed":false},"etheme_brands":[{"term_id":638,"name":"Rosengarten","slug":"rosengarten","term_group":0,"term_taxonomy_id":638,"taxonomy":"brand","description":"","parent":0,"count":1,"filter":"raw"}],"product_brand":[],"product_cat":[712,753,15,702,372],"product_tag":[],"class_list":{"0":"post-32530","1":"product","2":"type-product","3":"status-publish","4":"has-post-thumbnail","6":"brand-rosengarten","7":"product_cat-chocolat-vegan","8":"product_cat-paques-vegan","9":"product_cat-tout","10":"product_cat-nouveau","11":"product_cat-epicerie-vegan","13":"first","14":"instock","15":"taxable","16":"shipping-taxable","17":"purchasable","18":"product-type-simple"},"supplier_id":null,"supplier_sku":"","barcode":null,"atum_controlled":false,"out_stock_date":null,"out_stock_threshold":null,"inheritable":false,"inbound_stock":null,"stock_on_hold":0,"sold_today":0,"sales_last_days":2,"reserved_stock":null,"customer_returns":null,"warehouse_damage":null,"lost_in_post":null,"other_logs":null,"out_stock_days":0,"lost_sales":0,"has_location":null,"update_date":"2026-04-14T00:01:52","atum_locations":[],"atum_stock_status":"instock","restock_status":false,"low_stock_amount":"","sales_update_date":"2026-04-14T00:01:52","calc_backorders":null,"acf":[],"_links":{"self":[{"href":"https:\/\/www.theblackcowshop.com\/nl\/wp-json\/wp\/v2\/product\/32530","targetHints":{"allow":["GET"]}}],"collection":[{"href":"https:\/\/www.theblackcowshop.com\/nl\/wp-json\/wp\/v2\/product"}],"about":[{"href":"https:\/\/www.theblackcowshop.com\/nl\/wp-json\/wp\/v2\/types\/product"}],"version-history":[{"count":1,"href":"https:\/\/www.theblackcowshop.com\/nl\/wp-json\/wp\/v2\/product\/32530\/revisions"}],"predecessor-version":[{"id":32534,"href":"https:\/\/www.theblackcowshop.com\/nl\/wp-json\/wp\/v2\/product\/32530\/revisions\/32534"}],"wp:featuredmedia":[{"embeddable":true,"href":"https:\/\/www.theblackcowshop.com\/nl\/wp-json\/wp\/v2\/media\/32531"}],"wp:attachment":[{"href":"https:\/\/www.theblackcowshop.com\/nl\/wp-json\/wp\/v2\/media?parent=32530"}],"wp:term":[{"taxonomy":"brand","embeddable":true,"href":"https:\/\/www.theblackcowshop.com\/nl\/wp-json\/wp\/v2\/etheme_brands?post=32530"},{"taxonomy":"product_brand","embeddable":true,"href":"https:\/\/www.theblackcowshop.com\/nl\/wp-json\/wp\/v2\/product_brand?post=32530"},{"taxonomy":"product_cat","embeddable":true,"href":"https:\/\/www.theblackcowshop.com\/nl\/wp-json\/wp\/v2\/product_cat?post=32530"},{"taxonomy":"product_tag","embeddable":true,"href":"https:\/\/www.theblackcowshop.com\/nl\/wp-json\/wp\/v2\/product_tag?post=32530"}],"curies":[{"name":"wp","href":"https:\/\/api.w.org\/{rel}","templated":true}]}}