{"id":32654,"date":"2026-04-04T17:06:57","date_gmt":"2026-04-04T15:06:57","guid":{"rendered":"https:\/\/www.theblackcowshop.com\/?post_type=product&#038;p=32654"},"modified":"2026-04-04T17:27:13","modified_gmt":"2026-04-04T15:27:13","slug":"saucisses-vegetales-180g-unconventional","status":"publish","type":"product","link":"https:\/\/www.theblackcowshop.com\/nl\/product\/saucisses-vegetales-180g-unconventional\/","title":{"rendered":"Saucisses V\u00e9g\u00e9tales 180g &#8211; Unconventional"},"content":{"rendered":"<p><span style=\"text-decoration: underline;\">Ingr\u00e9dients<\/span> : Prot\u00e9ines de\u00a0<span style=\"text-decoration: underline;\"><strong>soja<\/strong><\/span> r\u00e9hydrat\u00e9es, eau, huiles v\u00e9g\u00e9tales (ma\u00efs, noix de coco), ar\u00f4mes naturels, amidon (pomme de terre, tapioca), isolat de prot\u00e9ine de\u00a0<span style=\"text-decoration: underline;\"><strong>soja<\/strong><\/span>, fibre v\u00e9g\u00e9tale (agrumes, bambou), stabilisants : m\u00e9thylcellulose ; citrate de sodium, levure s\u00e8che, extrait de betterave, sel, enveloppe v\u00e9g\u00e9tale (stabilisants : alginate de sodium, gomme de konjac, gomme de guar).<\/p>\n<p><strong><span style=\"text-decoration: underline;\">Allerg\u00e8nes<\/span> : Contient du soja. Peut contenir des traces de c\u00e9leri, c\u00e9r\u00e9ales contenant du gluten, fruits \u00e0 coques, s\u00e9same, moutarde et lupin.<\/strong><\/p>\n<p><span style=\"text-decoration: underline;\">Valeurs nutritionnelles pour 100g<\/span> :<br \/>\n<span class=\"label\">Energie <\/span><span class=\"value\">919 kJ \/ 221 kcal<br \/>\n<\/span><span class=\"label\">Mati\u00e8res grasses <\/span><span class=\"value\">13g<br \/>\n<\/span><span class=\"label\">dont satur\u00e9es <\/span><span class=\"value\">7g<br \/>\n<\/span><span class=\"label\">Glucides <\/span><span class=\"value\">8g<br \/>\n<\/span><span class=\"label\">dont sucres <\/span><span class=\"value\">0.9g<br \/>\n<\/span><span class=\"label\">Prot\u00e9ines <\/span><span class=\"value\">16g<br \/>\n<\/span><span class=\"label\">Sel <\/span><span class=\"value\">1.3g<\/span><\/p>","protected":false},"excerpt":{"rendered":"<p>Ingr\u00e9dients : Prot\u00e9ines de\u00a0soja r\u00e9hydrat\u00e9es, eau, huiles v\u00e9g\u00e9tales (ma\u00efs, noix de coco), ar\u00f4mes naturels, amidon (pomme de terre, tapioca), isolat de prot\u00e9ine de\u00a0soja, fibre v\u00e9g\u00e9tale&#8230;<\/p>","protected":false},"featured_media":32655,"template":"","meta":{"_acf_changed":false},"etheme_brands":[{"term_id":759,"name":"Unconventional","slug":"unconventional","term_group":0,"term_taxonomy_id":759,"taxonomy":"brand","description":"","parent":0,"count":1,"filter":"raw"}],"product_brand":[],"product_cat":[710,15,702,375],"product_tag":[],"class_list":{"0":"post-32654","1":"product","2":"type-product","3":"status-publish","4":"has-post-thumbnail","6":"brand-unconventional","7":"product_cat-alternative-vegan-viande","8":"product_cat-tout","9":"product_cat-nouveau","10":"product_cat-alternative-vegan-viande-boucherie","12":"first","13":"instock","14":"taxable","15":"shipping-taxable","16":"purchasable","17":"product-type-simple"},"supplier_id":null,"supplier_sku":"","barcode":null,"atum_controlled":false,"out_stock_date":null,"out_stock_threshold":null,"inheritable":false,"inbound_stock":null,"stock_on_hold":0,"sold_today":0,"sales_last_days":0,"reserved_stock":null,"customer_returns":null,"warehouse_damage":null,"lost_in_post":null,"other_logs":null,"out_stock_days":0,"lost_sales":0,"has_location":false,"update_date":"2026-04-05T00:32:20","atum_locations":[],"atum_stock_status":"instock","restock_status":false,"low_stock_amount":"","sales_update_date":"2026-04-05T00:32:20","calc_backorders":null,"acf":[],"_links":{"self":[{"href":"https:\/\/www.theblackcowshop.com\/nl\/wp-json\/wp\/v2\/product\/32654","targetHints":{"allow":["GET"]}}],"collection":[{"href":"https:\/\/www.theblackcowshop.com\/nl\/wp-json\/wp\/v2\/product"}],"about":[{"href":"https:\/\/www.theblackcowshop.com\/nl\/wp-json\/wp\/v2\/types\/product"}],"version-history":[{"count":4,"href":"https:\/\/www.theblackcowshop.com\/nl\/wp-json\/wp\/v2\/product\/32654\/revisions"}],"predecessor-version":[{"id":32660,"href":"https:\/\/www.theblackcowshop.com\/nl\/wp-json\/wp\/v2\/product\/32654\/revisions\/32660"}],"wp:featuredmedia":[{"embeddable":true,"href":"https:\/\/www.theblackcowshop.com\/nl\/wp-json\/wp\/v2\/media\/32655"}],"wp:attachment":[{"href":"https:\/\/www.theblackcowshop.com\/nl\/wp-json\/wp\/v2\/media?parent=32654"}],"wp:term":[{"taxonomy":"brand","embeddable":true,"href":"https:\/\/www.theblackcowshop.com\/nl\/wp-json\/wp\/v2\/etheme_brands?post=32654"},{"taxonomy":"product_brand","embeddable":true,"href":"https:\/\/www.theblackcowshop.com\/nl\/wp-json\/wp\/v2\/product_brand?post=32654"},{"taxonomy":"product_cat","embeddable":true,"href":"https:\/\/www.theblackcowshop.com\/nl\/wp-json\/wp\/v2\/product_cat?post=32654"},{"taxonomy":"product_tag","embeddable":true,"href":"https:\/\/www.theblackcowshop.com\/nl\/wp-json\/wp\/v2\/product_tag?post=32654"}],"curies":[{"name":"wp","href":"https:\/\/api.w.org\/{rel}","templated":true}]}}