{"id":32849,"date":"2026-04-17T15:27:08","date_gmt":"2026-04-17T13:27:08","guid":{"rendered":"https:\/\/www.theblackcowshop.com\/?post_type=product&#038;p=32849"},"modified":"2026-04-17T15:42:37","modified_gmt":"2026-04-17T13:42:37","slug":"karmage-original-150g-lupin-noix-de-cajou-veggie-karma","status":"publish","type":"product","link":"https:\/\/www.theblackcowshop.com\/nl\/product\/karmage-original-150g-lupin-noix-de-cajou-veggie-karma\/","title":{"rendered":"Karmage Original 150g &#8211; Lupin &#038; Noix de Cajou &#8211; Veggie Karma"},"content":{"rendered":"<p><span style=\"text-decoration: underline\">Ingr\u00e9dients<\/span> : <span style=\"text-decoration: underline\"><strong>lupins<\/strong><\/span>* (51 %), <span style=\"text-decoration: underline\"><strong>noix de cajou<\/strong><\/span>* (20 %), huile de coco*, miso* (riz*, koji, sel marin, eau), eau, Lactobacillus acidophilus**<\/p>\n<p><strong><span style=\"text-decoration: underline\">Allerg\u00e8nes<\/span> : Contient du lupin, noix de cajou, fruits \u00e0 coque. Peut contenir des traces de soja.<\/strong><\/p>\n<p>Source de probiotiques.<\/p>\n<p><em>Convient aux personnes : intol\u00e9rantes au lactose, v\u00e9g\u00e9tariennes, v\u00e9g\u00e9taliennes, c\u0153liaques<\/em><\/p>","protected":false},"excerpt":{"rendered":"<p>Ingr\u00e9dients : lupins* (51 %), noix de cajou* (20 %), huile de coco*, miso* (riz*, koji, sel marin, eau), eau, Lactobacillus acidophilus** Allerg\u00e8nes : Contient&#8230;<\/p>","protected":false},"featured_media":32859,"template":"","meta":{"_acf_changed":false},"etheme_brands":[{"term_id":438,"name":"Veggie Karma","slug":"veggie-karma","term_group":0,"term_taxonomy_id":438,"taxonomy":"brand","description":"Veggie Karma offre une gamme diversifi\u00e9e de produits v\u00e9g\u00e9taliens, allant des substituts de viande aux plats pr\u00e9par\u00e9s. Leur mission est de promouvoir un mode de vie sain et respectueux de l'environnement gr\u00e2ce \u00e0 une alimentation \u00e0 base de plantes.\r\n\r\n","parent":0,"count":10,"filter":"raw"}],"product_brand":[],"product_cat":[738,15,702,370],"product_tag":[],"class_list":{"0":"post-32849","1":"product","2":"type-product","3":"status-publish","4":"has-post-thumbnail","6":"brand-veggie-karma","7":"product_cat-alternative-vegan-fromage-affine","8":"product_cat-tout","9":"product_cat-nouveau","10":"product_cat-alternatives-vegan-fromage","12":"first","13":"instock","14":"taxable","15":"shipping-taxable","16":"purchasable","17":"product-type-simple"},"supplier_id":null,"supplier_sku":"","barcode":null,"atum_controlled":false,"out_stock_date":null,"out_stock_threshold":null,"inheritable":false,"inbound_stock":null,"stock_on_hold":0,"sold_today":0,"sales_last_days":0,"reserved_stock":null,"customer_returns":null,"warehouse_damage":null,"lost_in_post":null,"other_logs":null,"out_stock_days":0,"lost_sales":0,"has_location":null,"update_date":"2026-04-18T00:04:13","atum_locations":[],"atum_stock_status":"instock","restock_status":false,"low_stock_amount":"","sales_update_date":"2026-04-18T00:04:13","calc_backorders":null,"acf":[],"_links":{"self":[{"href":"https:\/\/www.theblackcowshop.com\/nl\/wp-json\/wp\/v2\/product\/32849","targetHints":{"allow":["GET"]}}],"collection":[{"href":"https:\/\/www.theblackcowshop.com\/nl\/wp-json\/wp\/v2\/product"}],"about":[{"href":"https:\/\/www.theblackcowshop.com\/nl\/wp-json\/wp\/v2\/types\/product"}],"version-history":[{"count":1,"href":"https:\/\/www.theblackcowshop.com\/nl\/wp-json\/wp\/v2\/product\/32849\/revisions"}],"predecessor-version":[{"id":32855,"href":"https:\/\/www.theblackcowshop.com\/nl\/wp-json\/wp\/v2\/product\/32849\/revisions\/32855"}],"wp:featuredmedia":[{"embeddable":true,"href":"https:\/\/www.theblackcowshop.com\/nl\/wp-json\/wp\/v2\/media\/32859"}],"wp:attachment":[{"href":"https:\/\/www.theblackcowshop.com\/nl\/wp-json\/wp\/v2\/media?parent=32849"}],"wp:term":[{"taxonomy":"brand","embeddable":true,"href":"https:\/\/www.theblackcowshop.com\/nl\/wp-json\/wp\/v2\/etheme_brands?post=32849"},{"taxonomy":"product_brand","embeddable":true,"href":"https:\/\/www.theblackcowshop.com\/nl\/wp-json\/wp\/v2\/product_brand?post=32849"},{"taxonomy":"product_cat","embeddable":true,"href":"https:\/\/www.theblackcowshop.com\/nl\/wp-json\/wp\/v2\/product_cat?post=32849"},{"taxonomy":"product_tag","embeddable":true,"href":"https:\/\/www.theblackcowshop.com\/nl\/wp-json\/wp\/v2\/product_tag?post=32849"}],"curies":[{"name":"wp","href":"https:\/\/api.w.org\/{rel}","templated":true}]}}