{"id":3357,"date":"2024-10-31T19:25:23","date_gmt":"2024-10-31T18:25:23","guid":{"rendered":"https:\/\/www.theblackcowshop.com\/?post_type=product&#038;p=3357"},"modified":"2026-04-17T15:27:03","modified_gmt":"2026-04-17T13:27:03","slug":"karmage-noix-baies-roses-200g-veggie-karma","status":"publish","type":"product","link":"https:\/\/www.theblackcowshop.com\/nl\/product\/karmage-noix-baies-roses-200g-veggie-karma\/","title":{"rendered":"Karmage Noix &#038; Baies Roses 200g &#8211; Go\u00fbt Parmesan &#8211; Veggie Karma"},"content":{"rendered":"<h1><strong>Alternative vegan au fromage \u00e0 base de <span style=\"text-decoration: underline;\">lupin<\/span>, aux noix et baies roses \u2600\ufe0f<\/strong><\/h1>\n<p>Ultra sp\u00e9cial, cette sp\u00e9cialit\u00e9 espagnole a un go\u00fbt totalement diff\u00e9rent par-rapport \u00e0 ce qui se fait en terme de vromages ! Sa texture est plus dure gr\u00e2ce \u00e0 un m\u00e9lange de lupin et noix de cajou ferment\u00e9es. Ces sp\u00e9cialit\u00e9s v\u00e9g\u00e9tales ont une saveur qui rappelle \u00e0 certains celui d\u2019un parmesan jeune qui chatouille le palais ! Des saveurs chaudes espagnoles dont on ne peut plus se passer ! \ud83d\ude0b<\/p>\n<p><span style=\"text-decoration: underline;\">Ingr\u00e9dients<\/span> : LUPIN *(29%), NOIX DE CAJOU* (29%), boisson de riz*, huile de coco*, miso* (riz*, koji, SOJA*, sel marin, eau), NOIX* (4%), levure nutritionnelle* (levure*, farine de riz*, sel marin), baies roses*, acidophilus.<br \/>\n* Issus de l&rsquo;agriculture biologique<\/p>\n<p><span style=\"text-decoration: underline;\">Allerg\u00e8nes<\/span> : Contient du <em>LUPIN<\/em>, <em>SOJA<\/em>, <em>FRUITS \u00c0 COQUE<\/em> (<em>NOIX DE CAJOU, NOIX<\/em>). Peut contenir des traces de <em>FRUITS SECS <\/em>et <em>FRUITS \u00c0 COQUE<\/em>.<\/p>\n<p><span style=\"text-decoration: underline;\">Conservation<\/span> : Au frais \u2744\ufe0f Une fois ouvert, continue de s&rsquo;affiner et se conserve au frais durant plusieurs semaines.<\/p>\n<p>Produit : Semicurado con Nueces y Pimienta Rosa\u00a0200g<br \/>\nProducteur : Veggie Karma<br \/>\nOrigine : Barcelona, Espagne<\/p>\n<p><span style=\"color: #ffffff;\">Semicurado, Veggie Karma<\/span><\/p>","protected":false},"excerpt":{"rendered":"<p>Alternative vegan au fromage \u00e0 base de <span style=\"text-decoration: underline;\">lupin<\/span>, aux noix et baies roses ! \u2600\ufe0f<\/p>","protected":false},"featured_media":25067,"template":"","meta":{"_acf_changed":false},"etheme_brands":[{"term_id":438,"name":"Veggie Karma","slug":"veggie-karma","term_group":0,"term_taxonomy_id":438,"taxonomy":"brand","description":"Veggie Karma offre une gamme diversifi\u00e9e de produits v\u00e9g\u00e9taliens, allant des substituts de viande aux plats pr\u00e9par\u00e9s. Leur mission est de promouvoir un mode de vie sain et respectueux de l'environnement gr\u00e2ce \u00e0 une alimentation \u00e0 base de plantes.\r\n\r\n","parent":0,"count":10,"filter":"raw"}],"product_brand":[],"product_cat":[738,15,370],"product_tag":[],"class_list":{"0":"post-3357","1":"product","2":"type-product","3":"status-publish","4":"has-post-thumbnail","6":"brand-veggie-karma","7":"product_cat-alternative-vegan-fromage-affine","8":"product_cat-tout","9":"product_cat-alternatives-vegan-fromage","11":"first","12":"instock","13":"taxable","14":"shipping-taxable","15":"purchasable","16":"product-type-simple"},"supplier_id":null,"supplier_sku":"","barcode":null,"atum_controlled":true,"out_stock_date":null,"out_stock_threshold":null,"inheritable":false,"inbound_stock":0,"stock_on_hold":0,"sold_today":0,"sales_last_days":0,"reserved_stock":0,"customer_returns":0,"warehouse_damage":0,"lost_in_post":0,"other_logs":0,"out_stock_days":0,"lost_sales":0,"has_location":false,"update_date":"2026-04-21T00:06:56","atum_locations":[],"atum_stock_status":"instock","restock_status":false,"low_stock_amount":"","sales_update_date":"2026-04-21T00:06:56","calc_backorders":null,"acf":[],"_links":{"self":[{"href":"https:\/\/www.theblackcowshop.com\/nl\/wp-json\/wp\/v2\/product\/3357","targetHints":{"allow":["GET"]}}],"collection":[{"href":"https:\/\/www.theblackcowshop.com\/nl\/wp-json\/wp\/v2\/product"}],"about":[{"href":"https:\/\/www.theblackcowshop.com\/nl\/wp-json\/wp\/v2\/types\/product"}],"version-history":[{"count":1,"href":"https:\/\/www.theblackcowshop.com\/nl\/wp-json\/wp\/v2\/product\/3357\/revisions"}],"predecessor-version":[{"id":28868,"href":"https:\/\/www.theblackcowshop.com\/nl\/wp-json\/wp\/v2\/product\/3357\/revisions\/28868"}],"wp:featuredmedia":[{"embeddable":true,"href":"https:\/\/www.theblackcowshop.com\/nl\/wp-json\/wp\/v2\/media\/25067"}],"wp:attachment":[{"href":"https:\/\/www.theblackcowshop.com\/nl\/wp-json\/wp\/v2\/media?parent=3357"}],"wp:term":[{"taxonomy":"brand","embeddable":true,"href":"https:\/\/www.theblackcowshop.com\/nl\/wp-json\/wp\/v2\/etheme_brands?post=3357"},{"taxonomy":"product_brand","embeddable":true,"href":"https:\/\/www.theblackcowshop.com\/nl\/wp-json\/wp\/v2\/product_brand?post=3357"},{"taxonomy":"product_cat","embeddable":true,"href":"https:\/\/www.theblackcowshop.com\/nl\/wp-json\/wp\/v2\/product_cat?post=3357"},{"taxonomy":"product_tag","embeddable":true,"href":"https:\/\/www.theblackcowshop.com\/nl\/wp-json\/wp\/v2\/product_tag?post=3357"}],"curies":[{"name":"wp","href":"https:\/\/api.w.org\/{rel}","templated":true}]}}